{"id":2,"date":"2023-07-11T07:34:58","date_gmt":"2023-07-11T07:34:58","guid":{"rendered":"https:\/\/web4.rkinformatika.net\/clinicadentalnereagarate\/?page_id=2"},"modified":"2023-08-31T11:18:14","modified_gmt":"2023-08-31T11:18:14","slug":"inicio","status":"publish","type":"page","link":"https:\/\/clinicadentalnereagarate.com\/eu\/","title":{"rendered":"Hasiera"},"content":{"rendered":"<div data-elementor-type=\"wp-page\" data-elementor-id=\"2\" class=\"elementor elementor-2\" data-elementor-post-type=\"page\">\n\t\t\t\t\t\t<section class=\"elementor-section elementor-top-section elementor-element elementor-element-20deba96 elementor-section-height-min-height elementor-section-boxed elementor-section-height-default elementor-section-items-middle\" data-id=\"20deba96\" data-element_type=\"section\" data-e-type=\"section\" data-settings=\"{&quot;background_background&quot;:&quot;classic&quot;}\">\n\t\t\t\t\t\t\t<div class=\"elementor-background-overlay\"><\/div>\n\t\t\t\t\t\t\t<div class=\"elementor-container elementor-column-gap-default\">\n\t\t\t\t\t<div class=\"elementor-column elementor-col-100 elementor-top-column elementor-element elementor-element-3a10bd43\" data-id=\"3a10bd43\" data-element_type=\"column\" data-e-type=\"column\">\n\t\t\t<div class=\"elementor-widget-wrap elementor-element-populated\">\n\t\t\t\t\t\t<div class=\"elementor-element elementor-element-22490f75 elementor-widget__width-initial elementor-invisible elementor-widget elementor-widget-heading\" data-id=\"22490f75\" data-element_type=\"widget\" data-e-type=\"widget\" data-settings=\"{&quot;_animation&quot;:&quot;fadeInLeft&quot;}\" data-widget_type=\"heading.default\">\n\t\t\t\t<div class=\"elementor-widget-container\">\n\t\t\t\t\t<h1 class=\"elementor-heading-title elementor-size-default\">BIZITZA HOBE BAT IRRIBARRE<br> BATEKIN HASTEN DA <\/h1>\t\t\t\t<\/div>\n\t\t\t\t<\/div>\n\t\t\t\t\t<\/div>\n\t\t<\/div>\n\t\t\t\t\t<\/div>\n\t\t<\/section>\n\t\t\t\t<section class=\"elementor-section elementor-top-section elementor-element elementor-element-4271f2d1 elementor-section-boxed elementor-section-height-default elementor-section-height-default\" data-id=\"4271f2d1\" data-element_type=\"section\" data-e-type=\"section\">\n\t\t\t\t\t\t<div class=\"elementor-container elementor-column-gap-default\">\n\t\t\t\t\t<div class=\"elementor-column elementor-col-50 elementor-top-column elementor-element elementor-element-505a50a8\" data-id=\"505a50a8\" data-element_type=\"column\" data-e-type=\"column\">\n\t\t\t<div class=\"elementor-widget-wrap elementor-element-populated\">\n\t\t\t\t\t\t<div class=\"elementor-element elementor-element-276c4950 elementor-widget elementor-widget-heading\" data-id=\"276c4950\" data-element_type=\"widget\" data-e-type=\"widget\" data-widget_type=\"heading.default\">\n\t\t\t\t<div class=\"elementor-widget-container\">\n\t\t\t\t\t<h2 class=\"elementor-heading-title elementor-size-default\">Guri buruz<\/h2>\t\t\t\t<\/div>\n\t\t\t\t<\/div>\n\t\t\t\t<div class=\"elementor-element elementor-element-1f1ddf58 elementor-widget elementor-widget-text-editor\" data-id=\"1f1ddf58\" data-element_type=\"widget\" data-e-type=\"widget\" data-widget_type=\"text-editor.default\">\n\t\t\t\t<div class=\"elementor-widget-container\">\n\t\t\t\t\t\t\t\t\t<p>Ongi etorriak gure hortz klinikara!!  Oso arro gaude 2001 geroztik gure pazienteen bizitzak hobetzen dugun lanagatik.<\/p>\n<p>Osasunaren zaintzan jartzen dogun gaitasun profesionaletik haratago, saiatzen gara gure pazienteak eroso eta gustora sentitu daitezen, beti ere, aho-osasun egokia izanik gure helburu nagusia.<\/p>\n<p>Sinetsita gaude arreta pertsonalizatu eta maitasunezkoak, pertsonen irribarre politenak ateratzen laguntzen duela.<\/p>\n<p>Pozik gaude zurekin bidaiatzen jarraitzearekin, eta zure hortzetako arretaren parte izatea espero dugu.<\/p>\n<p>Zure bidaia gurekin egingo duzulakoan, eskerrik asko gure hortz klinika aukeratu duzulako eta zure aho-osasun familiaren parte izaten utzi gaituzulako.<\/p>\n<p>Denon artean lortuko dogu zure aho-osasunik onena!!<\/p>\t\t\t\t\t\t\t\t<\/div>\n\t\t\t\t<\/div>\n\t\t\t\t\t<\/div>\n\t\t<\/div>\n\t\t\t\t<div class=\"elementor-column elementor-col-50 elementor-top-column elementor-element elementor-element-52531dd4\" data-id=\"52531dd4\" data-element_type=\"column\" data-e-type=\"column\">\n\t\t\t<div class=\"elementor-widget-wrap elementor-element-populated\">\n\t\t\t\t\t\t<div class=\"elementor-element elementor-element-663e91f3 elementor-widget elementor-widget-image\" data-id=\"663e91f3\" data-element_type=\"widget\" data-e-type=\"widget\" data-widget_type=\"image.default\">\n\t\t\t\t<div class=\"elementor-widget-container\">\n\t\t\t\t\t\t\t\t\t\t\t\t\t\t\t<img fetchpriority=\"high\" decoding=\"async\" width=\"2000\" height=\"1333\" src=\"https:\/\/clinicadentalnereagarate.com\/wp-content\/uploads\/2023\/07\/female-dentist-scanning-teeth-of-woman.jpg\" class=\"attachment-full size-full wp-image-173\" alt=\"Female dentist scanning teeth of woman\" srcset=\"https:\/\/clinicadentalnereagarate.com\/wp-content\/uploads\/2023\/07\/female-dentist-scanning-teeth-of-woman.jpg 2000w, https:\/\/clinicadentalnereagarate.com\/wp-content\/uploads\/2023\/07\/female-dentist-scanning-teeth-of-woman-300x200.jpg 300w, https:\/\/clinicadentalnereagarate.com\/wp-content\/uploads\/2023\/07\/female-dentist-scanning-teeth-of-woman-1024x682.jpg 1024w, https:\/\/clinicadentalnereagarate.com\/wp-content\/uploads\/2023\/07\/female-dentist-scanning-teeth-of-woman-768x512.jpg 768w, https:\/\/clinicadentalnereagarate.com\/wp-content\/uploads\/2023\/07\/female-dentist-scanning-teeth-of-woman-1536x1024.jpg 1536w\" sizes=\"(max-width: 2000px) 100vw, 2000px\" \/>\t\t\t\t\t\t\t\t\t\t\t\t\t\t\t<\/div>\n\t\t\t\t<\/div>\n\t\t\t\t\t<\/div>\n\t\t<\/div>\n\t\t\t\t\t<\/div>\n\t\t<\/section>\n\t\t\t\t<section class=\"elementor-section elementor-top-section elementor-element elementor-element-308c2e18 elementor-section-boxed elementor-section-height-default elementor-section-height-default\" data-id=\"308c2e18\" data-element_type=\"section\" data-e-type=\"section\" data-settings=\"{&quot;background_background&quot;:&quot;classic&quot;}\">\n\t\t\t\t\t\t<div class=\"elementor-container elementor-column-gap-default\">\n\t\t\t\t\t<div class=\"elementor-column elementor-col-33 elementor-top-column elementor-element elementor-element-6d6605c3\" data-id=\"6d6605c3\" data-element_type=\"column\" data-e-type=\"column\">\n\t\t\t<div class=\"elementor-widget-wrap elementor-element-populated\">\n\t\t\t\t\t\t<div class=\"elementor-element elementor-element-3c85b578 elementor-widget elementor-widget-counter\" data-id=\"3c85b578\" data-element_type=\"widget\" data-e-type=\"widget\" data-widget_type=\"counter.default\">\n\t\t\t\t<div class=\"elementor-widget-container\">\n\t\t\t\t\t\t\t<div class=\"elementor-counter\">\n\t\t\t<div class=\"elementor-counter-title\">Esperientzia urteak<\/div>\t\t\t<div class=\"elementor-counter-number-wrapper\">\n\t\t\t\t<span class=\"elementor-counter-number-prefix\"><\/span>\n\t\t\t\t<span class=\"elementor-counter-number\" data-duration=\"2000\" data-to-value=\"20\" data-from-value=\"0\">0<\/span>\n\t\t\t\t<span class=\"elementor-counter-number-suffix\">+<\/span>\n\t\t\t<\/div>\n\t\t<\/div>\n\t\t\t\t\t\t<\/div>\n\t\t\t\t<\/div>\n\t\t\t\t\t<\/div>\n\t\t<\/div>\n\t\t\t\t<div class=\"elementor-column elementor-col-33 elementor-top-column elementor-element elementor-element-74a4d92f\" data-id=\"74a4d92f\" data-element_type=\"column\" data-e-type=\"column\">\n\t\t\t<div class=\"elementor-widget-wrap elementor-element-populated\">\n\t\t\t\t\t\t<div class=\"elementor-element elementor-element-7803d37e elementor-view-framed elementor-widget-mobile__width-initial elementor-shape-circle elementor-widget elementor-widget-icon\" data-id=\"7803d37e\" data-element_type=\"widget\" data-e-type=\"widget\" data-widget_type=\"icon.default\">\n\t\t\t\t<div class=\"elementor-widget-container\">\n\t\t\t\t\t\t\t<div class=\"elementor-icon-wrapper\">\n\t\t\t<div class=\"elementor-icon\">\n\t\t\t<i aria-hidden=\"true\" class=\"icon icon-tooth-2\"><\/i>\t\t\t<\/div>\n\t\t<\/div>\n\t\t\t\t\t\t<\/div>\n\t\t\t\t<\/div>\n\t\t\t\t\t<\/div>\n\t\t<\/div>\n\t\t\t\t<div class=\"elementor-column elementor-col-33 elementor-top-column elementor-element elementor-element-df5f394\" data-id=\"df5f394\" data-element_type=\"column\" data-e-type=\"column\">\n\t\t\t<div class=\"elementor-widget-wrap elementor-element-populated\">\n\t\t\t\t\t\t<div class=\"elementor-element elementor-element-16c39aad elementor-widget elementor-widget-counter\" data-id=\"16c39aad\" data-element_type=\"widget\" data-e-type=\"widget\" data-widget_type=\"counter.default\">\n\t\t\t\t<div class=\"elementor-widget-container\">\n\t\t\t\t\t\t\t<div class=\"elementor-counter\">\n\t\t\t<div class=\"elementor-counter-title\">Gogobetetasuna<\/div>\t\t\t<div class=\"elementor-counter-number-wrapper\">\n\t\t\t\t<span class=\"elementor-counter-number-prefix\"><\/span>\n\t\t\t\t<span class=\"elementor-counter-number\" data-duration=\"2000\" data-to-value=\"99\" data-from-value=\"0\">0<\/span>\n\t\t\t\t<span class=\"elementor-counter-number-suffix\">%<\/span>\n\t\t\t<\/div>\n\t\t<\/div>\n\t\t\t\t\t\t<\/div>\n\t\t\t\t<\/div>\n\t\t\t\t\t<\/div>\n\t\t<\/div>\n\t\t\t\t\t<\/div>\n\t\t<\/section>\n\t\t\t\t<section class=\"elementor-section elementor-top-section elementor-element elementor-element-ca5e7df elementor-section-boxed elementor-section-height-default elementor-section-height-default\" data-id=\"ca5e7df\" data-element_type=\"section\" data-e-type=\"section\" data-settings=\"{&quot;background_background&quot;:&quot;classic&quot;}\">\n\t\t\t\t\t\t\t<div class=\"elementor-background-overlay\"><\/div>\n\t\t\t\t\t\t\t<div class=\"elementor-container elementor-column-gap-default\">\n\t\t\t\t\t<div class=\"elementor-column elementor-col-100 elementor-top-column elementor-element elementor-element-2cc67e0\" data-id=\"2cc67e0\" data-element_type=\"column\" data-e-type=\"column\" data-settings=\"{&quot;background_background&quot;:&quot;classic&quot;}\">\n\t\t\t<div class=\"elementor-widget-wrap elementor-element-populated\">\n\t\t\t\t\t\t<div class=\"elementor-element elementor-element-6449a321 elementor-widget elementor-widget-heading\" data-id=\"6449a321\" data-element_type=\"widget\" data-e-type=\"widget\" data-widget_type=\"heading.default\">\n\t\t\t\t<div class=\"elementor-widget-container\">\n\t\t\t\t\t<h2 class=\"elementor-heading-title elementor-size-default\">Gure bezeroen iritzia <\/h2>\t\t\t\t<\/div>\n\t\t\t\t<\/div>\n\t\t\t\t<div class=\"elementor-element elementor-element-61e22732 elementor-widget elementor-widget-testimonial\" data-id=\"61e22732\" data-element_type=\"widget\" data-e-type=\"widget\" data-widget_type=\"testimonial.default\">\n\t\t\t\t<div class=\"elementor-widget-container\">\n\t\t\t\t\t\t\t<div class=\"elementor-testimonial-wrapper\">\n\t\t\t\t\t\t\t<div class=\"elementor-testimonial-content\">Estoy s\u00faper contenta en la atenci\u00f3n y siempre me dio miedo el dentista y la verdad es que no me hace nada de da\u00f1o, ni siquiera la anestesia, es muy atenta.\n<br>\nSonia Zaldumbide<\/div>\n\t\t\t\n\t\t\t\t\t\t<div class=\"elementor-testimonial-meta elementor-has-image elementor-testimonial-image-position-top\">\n\t\t\t\t<div class=\"elementor-testimonial-meta-inner\">\n\t\t\t\t\t\t\t\t\t\t\t<div class=\"elementor-testimonial-image\">\n\t\t\t\t\t\t\t<img decoding=\"async\" width=\"300\" height=\"300\" src=\"https:\/\/clinicadentalnereagarate.com\/wp-content\/uploads\/2023\/07\/testimonial-2.png\" class=\"attachment-full size-full wp-image-48\" alt=\"\" srcset=\"https:\/\/clinicadentalnereagarate.com\/wp-content\/uploads\/2023\/07\/testimonial-2.png 300w, https:\/\/clinicadentalnereagarate.com\/wp-content\/uploads\/2023\/07\/testimonial-2-150x150.png 150w\" sizes=\"(max-width: 300px) 100vw, 300px\" \/>\t\t\t\t\t\t<\/div>\n\t\t\t\t\t\n\t\t\t\t\t\t\t\t\t<\/div>\n\t\t\t<\/div>\n\t\t\t\t\t<\/div>\n\t\t\t\t\t\t<\/div>\n\t\t\t\t<\/div>\n\t\t\t\t\t<\/div>\n\t\t<\/div>\n\t\t\t\t\t<\/div>\n\t\t<\/section>\n\t\t\t\t<\/div>","protected":false},"excerpt":{"rendered":"<p>Una mejor vida empieza con una sonrisa Sobre nosotros \u00a1Bienvenidos a nuestra cl\u00ednica dental! Estamos orgullosos de servir a la comunidad desde 2001 y cada d\u00eda nos esforzamos por marcar una diferencia en las vidas de nuestros pacientes. Nuestra pasi\u00f3n por el cuidado se extiende m\u00e1s all\u00e1 de nuestra excepcional experiencia en odontolog\u00eda, para crear [&hellip;]<\/p>\n","protected":false},"author":1,"featured_media":0,"parent":0,"menu_order":0,"comment_status":"closed","ping_status":"closed","template":"elementor_canvas","meta":{"footnotes":""},"class_list":["post-2","page","type-page","status-publish","hentry"],"yoast_head":"<!-- This site is optimized with the Yoast SEO plugin v27.3 - https:\/\/yoast.com\/product\/yoast-seo-wordpress\/ -->\n<title>Inicio - Clinica Dental Nerea Garate<\/title>\n<meta name=\"robots\" content=\"index, follow, max-snippet:-1, max-image-preview:large, max-video-preview:-1\" \/>\n<link rel=\"canonical\" href=\"https:\/\/clinicadentalnereagarate.com\/eu\/\" \/>\n<meta property=\"og:locale\" content=\"en_US\" \/>\n<meta property=\"og:type\" content=\"article\" \/>\n<meta property=\"og:title\" content=\"Inicio - Clinica Dental Nerea Garate\" \/>\n<meta property=\"og:description\" content=\"Una mejor vida empieza con una sonrisa Sobre nosotros \u00a1Bienvenidos a nuestra cl\u00ednica dental! Estamos orgullosos de servir a la comunidad desde 2001 y cada d\u00eda nos esforzamos por marcar una diferencia en las vidas de nuestros pacientes. Nuestra pasi\u00f3n por el cuidado se extiende m\u00e1s all\u00e1 de nuestra excepcional experiencia en odontolog\u00eda, para crear [&hellip;]\" \/>\n<meta property=\"og:url\" content=\"https:\/\/clinicadentalnereagarate.com\/eu\/\" \/>\n<meta property=\"og:site_name\" content=\"Clinica Dental Nerea Garate\" \/>\n<meta property=\"article:modified_time\" content=\"2023-08-31T11:18:14+00:00\" \/>\n<meta property=\"og:image\" content=\"https:\/\/clinicadentalnereagarate.com\/wp-content\/uploads\/2023\/07\/female-dentist-scanning-teeth-of-woman.jpg\" \/>\n<meta name=\"twitter:card\" content=\"summary_large_image\" \/>\n<meta name=\"twitter:label1\" content=\"Est. reading time\" \/>\n\t<meta name=\"twitter:data1\" content=\"2 minutua\" \/>\n<script type=\"application\/ld+json\" class=\"yoast-schema-graph\">{\"@context\":\"https:\\\/\\\/schema.org\",\"@graph\":[{\"@type\":\"WebPage\",\"@id\":\"https:\\\/\\\/clinicadentalnereagarate.com\\\/\",\"url\":\"https:\\\/\\\/clinicadentalnereagarate.com\\\/\",\"name\":\"Inicio - Clinica Dental Nerea Garate\",\"isPartOf\":{\"@id\":\"https:\\\/\\\/clinicadentalnereagarate.com\\\/#website\"},\"primaryImageOfPage\":{\"@id\":\"https:\\\/\\\/clinicadentalnereagarate.com\\\/#primaryimage\"},\"image\":{\"@id\":\"https:\\\/\\\/clinicadentalnereagarate.com\\\/#primaryimage\"},\"thumbnailUrl\":\"https:\\\/\\\/clinicadentalnereagarate.com\\\/wp-content\\\/uploads\\\/2023\\\/07\\\/female-dentist-scanning-teeth-of-woman.jpg\",\"datePublished\":\"2023-07-11T07:34:58+00:00\",\"dateModified\":\"2023-08-31T11:18:14+00:00\",\"breadcrumb\":{\"@id\":\"https:\\\/\\\/clinicadentalnereagarate.com\\\/#breadcrumb\"},\"inLanguage\":\"eu\",\"potentialAction\":[{\"@type\":\"ReadAction\",\"target\":[\"https:\\\/\\\/clinicadentalnereagarate.com\\\/\"]}]},{\"@type\":\"ImageObject\",\"inLanguage\":\"eu\",\"@id\":\"https:\\\/\\\/clinicadentalnereagarate.com\\\/#primaryimage\",\"url\":\"https:\\\/\\\/clinicadentalnereagarate.com\\\/wp-content\\\/uploads\\\/2023\\\/07\\\/female-dentist-scanning-teeth-of-woman.jpg\",\"contentUrl\":\"https:\\\/\\\/clinicadentalnereagarate.com\\\/wp-content\\\/uploads\\\/2023\\\/07\\\/female-dentist-scanning-teeth-of-woman.jpg\"},{\"@type\":\"BreadcrumbList\",\"@id\":\"https:\\\/\\\/clinicadentalnereagarate.com\\\/#breadcrumb\",\"itemListElement\":[{\"@type\":\"ListItem\",\"position\":1,\"name\":\"Portada\",\"item\":\"https:\\\/\\\/clinicadentalnereagarate.com\\\/\"},{\"@type\":\"ListItem\",\"position\":2,\"name\":\"Inicio\"}]},{\"@type\":\"WebSite\",\"@id\":\"https:\\\/\\\/clinicadentalnereagarate.com\\\/#website\",\"url\":\"https:\\\/\\\/clinicadentalnereagarate.com\\\/\",\"name\":\"Clinica Dental Nerea Garate\",\"description\":\"Abierta desde abril del 2001\",\"publisher\":{\"@id\":\"https:\\\/\\\/clinicadentalnereagarate.com\\\/#organization\"},\"potentialAction\":[{\"@type\":\"SearchAction\",\"target\":{\"@type\":\"EntryPoint\",\"urlTemplate\":\"https:\\\/\\\/clinicadentalnereagarate.com\\\/?s={search_term_string}\"},\"query-input\":{\"@type\":\"PropertyValueSpecification\",\"valueRequired\":true,\"valueName\":\"search_term_string\"}}],\"inLanguage\":\"eu\"},{\"@type\":\"Organization\",\"@id\":\"https:\\\/\\\/clinicadentalnereagarate.com\\\/#organization\",\"name\":\"Clinica Dental Nerea Garate\",\"url\":\"https:\\\/\\\/clinicadentalnereagarate.com\\\/\",\"logo\":{\"@type\":\"ImageObject\",\"inLanguage\":\"eu\",\"@id\":\"https:\\\/\\\/clinicadentalnereagarate.com\\\/#\\\/schema\\\/logo\\\/image\\\/\",\"url\":\"https:\\\/\\\/clinicadentalnereagarate.com\\\/wp-content\\\/uploads\\\/2023\\\/07\\\/cropped-cropped-logo-nerea-2.png\",\"contentUrl\":\"https:\\\/\\\/clinicadentalnereagarate.com\\\/wp-content\\\/uploads\\\/2023\\\/07\\\/cropped-cropped-logo-nerea-2.png\",\"width\":512,\"height\":259,\"caption\":\"Clinica Dental Nerea Garate\"},\"image\":{\"@id\":\"https:\\\/\\\/clinicadentalnereagarate.com\\\/#\\\/schema\\\/logo\\\/image\\\/\"}}]}<\/script>\n<!-- \/ Yoast SEO plugin. -->","yoast_head_json":{"title":"Inicio - Clinica Dental Nerea Garate","robots":{"index":"index","follow":"follow","max-snippet":"max-snippet:-1","max-image-preview":"max-image-preview:large","max-video-preview":"max-video-preview:-1"},"canonical":"https:\/\/clinicadentalnereagarate.com\/eu\/","og_locale":"en_US","og_type":"article","og_title":"Inicio - Clinica Dental Nerea Garate","og_description":"Una mejor vida empieza con una sonrisa Sobre nosotros \u00a1Bienvenidos a nuestra cl\u00ednica dental! Estamos orgullosos de servir a la comunidad desde 2001 y cada d\u00eda nos esforzamos por marcar una diferencia en las vidas de nuestros pacientes. Nuestra pasi\u00f3n por el cuidado se extiende m\u00e1s all\u00e1 de nuestra excepcional experiencia en odontolog\u00eda, para crear [&hellip;]","og_url":"https:\/\/clinicadentalnereagarate.com\/eu\/","og_site_name":"Clinica Dental Nerea Garate","article_modified_time":"2023-08-31T11:18:14+00:00","og_image":[{"url":"https:\/\/clinicadentalnereagarate.com\/wp-content\/uploads\/2023\/07\/female-dentist-scanning-teeth-of-woman.jpg","type":"","width":"","height":""}],"twitter_card":"summary_large_image","twitter_misc":{"Est. reading time":"2 minutua"},"schema":{"@context":"https:\/\/schema.org","@graph":[{"@type":"WebPage","@id":"https:\/\/clinicadentalnereagarate.com\/","url":"https:\/\/clinicadentalnereagarate.com\/","name":"Inicio - Clinica Dental Nerea Garate","isPartOf":{"@id":"https:\/\/clinicadentalnereagarate.com\/#website"},"primaryImageOfPage":{"@id":"https:\/\/clinicadentalnereagarate.com\/#primaryimage"},"image":{"@id":"https:\/\/clinicadentalnereagarate.com\/#primaryimage"},"thumbnailUrl":"https:\/\/clinicadentalnereagarate.com\/wp-content\/uploads\/2023\/07\/female-dentist-scanning-teeth-of-woman.jpg","datePublished":"2023-07-11T07:34:58+00:00","dateModified":"2023-08-31T11:18:14+00:00","breadcrumb":{"@id":"https:\/\/clinicadentalnereagarate.com\/#breadcrumb"},"inLanguage":"eu","potentialAction":[{"@type":"ReadAction","target":["https:\/\/clinicadentalnereagarate.com\/"]}]},{"@type":"ImageObject","inLanguage":"eu","@id":"https:\/\/clinicadentalnereagarate.com\/#primaryimage","url":"https:\/\/clinicadentalnereagarate.com\/wp-content\/uploads\/2023\/07\/female-dentist-scanning-teeth-of-woman.jpg","contentUrl":"https:\/\/clinicadentalnereagarate.com\/wp-content\/uploads\/2023\/07\/female-dentist-scanning-teeth-of-woman.jpg"},{"@type":"BreadcrumbList","@id":"https:\/\/clinicadentalnereagarate.com\/#breadcrumb","itemListElement":[{"@type":"ListItem","position":1,"name":"Portada","item":"https:\/\/clinicadentalnereagarate.com\/"},{"@type":"ListItem","position":2,"name":"Inicio"}]},{"@type":"WebSite","@id":"https:\/\/clinicadentalnereagarate.com\/#website","url":"https:\/\/clinicadentalnereagarate.com\/","name":"Clinica Dental Nerea Garate","description":"Abierta desde abril del 2001","publisher":{"@id":"https:\/\/clinicadentalnereagarate.com\/#organization"},"potentialAction":[{"@type":"SearchAction","target":{"@type":"EntryPoint","urlTemplate":"https:\/\/clinicadentalnereagarate.com\/?s={search_term_string}"},"query-input":{"@type":"PropertyValueSpecification","valueRequired":true,"valueName":"search_term_string"}}],"inLanguage":"eu"},{"@type":"Organization","@id":"https:\/\/clinicadentalnereagarate.com\/#organization","name":"Clinica Dental Nerea Garate","url":"https:\/\/clinicadentalnereagarate.com\/","logo":{"@type":"ImageObject","inLanguage":"eu","@id":"https:\/\/clinicadentalnereagarate.com\/#\/schema\/logo\/image\/","url":"https:\/\/clinicadentalnereagarate.com\/wp-content\/uploads\/2023\/07\/cropped-cropped-logo-nerea-2.png","contentUrl":"https:\/\/clinicadentalnereagarate.com\/wp-content\/uploads\/2023\/07\/cropped-cropped-logo-nerea-2.png","width":512,"height":259,"caption":"Clinica Dental Nerea Garate"},"image":{"@id":"https:\/\/clinicadentalnereagarate.com\/#\/schema\/logo\/image\/"}}]}},"_links":{"self":[{"href":"https:\/\/clinicadentalnereagarate.com\/eu\/wp-json\/wp\/v2\/pages\/2","targetHints":{"allow":["GET"]}}],"collection":[{"href":"https:\/\/clinicadentalnereagarate.com\/eu\/wp-json\/wp\/v2\/pages"}],"about":[{"href":"https:\/\/clinicadentalnereagarate.com\/eu\/wp-json\/wp\/v2\/types\/page"}],"author":[{"embeddable":true,"href":"https:\/\/clinicadentalnereagarate.com\/eu\/wp-json\/wp\/v2\/users\/1"}],"replies":[{"embeddable":true,"href":"https:\/\/clinicadentalnereagarate.com\/eu\/wp-json\/wp\/v2\/comments?post=2"}],"version-history":[{"count":202,"href":"https:\/\/clinicadentalnereagarate.com\/eu\/wp-json\/wp\/v2\/pages\/2\/revisions"}],"predecessor-version":[{"id":886,"href":"https:\/\/clinicadentalnereagarate.com\/eu\/wp-json\/wp\/v2\/pages\/2\/revisions\/886"}],"wp:attachment":[{"href":"https:\/\/clinicadentalnereagarate.com\/eu\/wp-json\/wp\/v2\/media?parent=2"}],"curies":[{"name":"wp","href":"https:\/\/api.w.org\/{rel}","templated":true}]}}